{"id":988703,"date":"2026-04-29T09:09:21","date_gmt":"2026-04-29T09:09:21","guid":{"rendered":"https:\/\/arsonkagit.com\/?post_type=product&#038;p=988703"},"modified":"2026-04-29T09:10:31","modified_gmt":"2026-04-29T09:10:31","slug":"40409015-v-katli-pecete","status":"publish","type":"product","link":"https:\/\/arsonkagit.com\/en\/product\/40409015-v-katli-pecete\/","title":{"rendered":"40409015 V KATLI PE\u00c7ETE"},"content":{"rendered":"","protected":false},"excerpt":{"rendered":"<p>Wave V Katl\u0131 Pe\u00e7ete, y\u00fcksek emicilik ve dayan\u0131kl\u0131l\u0131k sunar. Dayan\u0131kl\u0131 yap\u0131s\u0131 sayesinde kolayca da\u011f\u0131lmaz.\u00d6zel dokusu ekstra yumu\u015fakt\u0131r ve hassas y\u00fczeylerde bile %100 g\u00fcvenle kullanabilirsiniz.<\/p>\n<p><strong>Made from 100% pure cellulose.<\/strong><\/p>","protected":false},"featured_media":988704,"template":"","meta":[],"product_cat":[84],"product_tag":[],"class_list":{"0":"post-988703","1":"product","2":"type-product","3":"status-publish","4":"has-post-thumbnail","6":"product_cat-v-katli","8":"first","9":"instock","10":"shipping-taxable","11":"product-type-simple"},"_links":{"self":[{"href":"https:\/\/arsonkagit.com\/en\/wp-json\/wp\/v2\/product\/988703","targetHints":{"allow":["GET"]}}],"collection":[{"href":"https:\/\/arsonkagit.com\/en\/wp-json\/wp\/v2\/product"}],"about":[{"href":"https:\/\/arsonkagit.com\/en\/wp-json\/wp\/v2\/types\/product"}],"wp:featuredmedia":[{"embeddable":true,"href":"https:\/\/arsonkagit.com\/en\/wp-json\/wp\/v2\/media\/988704"}],"wp:attachment":[{"href":"https:\/\/arsonkagit.com\/en\/wp-json\/wp\/v2\/media?parent=988703"}],"wp:term":[{"taxonomy":"product_cat","embeddable":true,"href":"https:\/\/arsonkagit.com\/en\/wp-json\/wp\/v2\/product_cat?post=988703"},{"taxonomy":"product_tag","embeddable":true,"href":"https:\/\/arsonkagit.com\/en\/wp-json\/wp\/v2\/product_tag?post=988703"}],"curies":[{"name":"wp","href":"https:\/\/api.w.org\/{rel}","templated":true}]}}