{"id":988653,"date":"2024-05-22T11:01:36","date_gmt":"2024-05-22T11:01:36","guid":{"rendered":"https:\/\/arsonkagit.com\/?post_type=product&#038;p=988653"},"modified":"2026-04-28T07:48:13","modified_gmt":"2026-04-28T07:48:13","slug":"60654050-wave-ultra-mini-icten-cekmeli-tuvalet-kagidi","status":"publish","type":"product","link":"https:\/\/arsonkagit.com\/en\/product\/60654050-wave-ultra-mini-icten-cekmeli-tuvalet-kagidi\/","title":{"rendered":"60654050 WAVE ULTRA M\u0130N\u0130 \u0130\u00c7TEN \u00c7EKMEL\u0130 TUVALET KA\u011eIDI"},"content":{"rendered":"<div class=\"vgblk-rw-wrapper limit-wrapper\">\n<table id=\"tablepress-40404040\" class=\"tablepress tablepress-id-40404040\">\n<thead>\n<tr class=\"row-1 odd\">\n\t<th class=\"column-1\">Product Specifications<\/th><th class=\"column-2\"><\/th>\n<\/tr>\n<\/thead>\n<tbody class=\"row-hover\">\n<tr class=\"row-2 even\">\n\t<td class=\"column-1\">Product Code<\/td><td class=\"column-2\">60654050<\/td>\n<\/tr>\n<tr class=\"row-3 odd\">\n\t<td class=\"column-1\">Ply<\/td><td class=\"column-2\">2<\/td>\n<\/tr>\n<tr class=\"row-4 even\">\n\t<td class=\"column-1\">GSM (Gr\/m2)<\/td><td class=\"column-2\">17<\/td>\n<\/tr>\n<tr class=\"row-5 odd\">\n\t<td class=\"column-1\">Sheet Width (cm)<\/td><td class=\"column-2\">11,5<\/td>\n<\/tr>\n<tr class=\"row-6 even\">\n\t<td class=\"column-1\">Sheet Length (cm)<\/td><td class=\"column-2\">22,5<\/td>\n<\/tr>\n<tr class=\"row-7 odd\">\n\t<td class=\"column-1\">Sheet #<\/td><td class=\"column-2\">449<\/td>\n<\/tr>\n<tr class=\"row-8 even\">\n\t<td class=\"column-1\">Roll Length (mt)<\/td><td class=\"column-2\">101 \u00b1 3<\/td>\n<\/tr>\n<tr class=\"row-9 odd\">\n\t<td class=\"column-1\">Roll in Package<\/td><td class=\"column-2\">12<\/td>\n<\/tr>\n<tr class=\"row-10 even\">\n\t<td class=\"column-1\">Package Weight (gr)<\/td><td class=\"column-2\">5000<\/td>\n<\/tr>\n<\/tbody>\n<\/table>\n<!-- #tablepress-40404040 from cache --><\/div>\n<p><!-- .vgblk-rw-wrapper --><\/p>","protected":false},"excerpt":{"rendered":"<p>Wave Tuvalet Ka\u011f\u0131d\u0131, benzersiz teknolojisi ile maksimum yumu\u015fakl\u0131k ve konfor sa\u011flamak i\u00e7in tasarlanm\u0131\u015ft\u0131r. Ekstra yumu\u015fakl\u0131k sa\u011flayan \u00f6zel teknolojisi ile ayn\u0131 zamanda ekstra emicilik de sa\u011flar. Islak kullan\u0131m s\u0131ras\u0131nda elinizde da\u011f\u0131lmaz; kullan\u0131m esnas\u0131nda ise h\u0131zl\u0131ca suda \u00e7\u00f6z\u00fcnerek tuvaleti t\u0131kamaz.<\/p>\n<p><strong>Made from 100% pure cellulose.<\/strong><\/p>","protected":false},"featured_media":988654,"template":"","meta":[],"product_cat":[80],"product_tag":[],"class_list":{"0":"post-988653","1":"product","2":"type-product","3":"status-publish","4":"has-post-thumbnail","6":"product_cat-tuvalet-kagidi","8":"first","9":"instock","10":"shipping-taxable","11":"product-type-simple"},"_links":{"self":[{"href":"https:\/\/arsonkagit.com\/en\/wp-json\/wp\/v2\/product\/988653","targetHints":{"allow":["GET"]}}],"collection":[{"href":"https:\/\/arsonkagit.com\/en\/wp-json\/wp\/v2\/product"}],"about":[{"href":"https:\/\/arsonkagit.com\/en\/wp-json\/wp\/v2\/types\/product"}],"wp:featuredmedia":[{"embeddable":true,"href":"https:\/\/arsonkagit.com\/en\/wp-json\/wp\/v2\/media\/988654"}],"wp:attachment":[{"href":"https:\/\/arsonkagit.com\/en\/wp-json\/wp\/v2\/media?parent=988653"}],"wp:term":[{"taxonomy":"product_cat","embeddable":true,"href":"https:\/\/arsonkagit.com\/en\/wp-json\/wp\/v2\/product_cat?post=988653"},{"taxonomy":"product_tag","embeddable":true,"href":"https:\/\/arsonkagit.com\/en\/wp-json\/wp\/v2\/product_tag?post=988653"}],"curies":[{"name":"wp","href":"https:\/\/api.w.org\/{rel}","templated":true}]}}