{"id":988224,"date":"2024-05-22T11:07:50","date_gmt":"2024-05-22T11:07:50","guid":{"rendered":"https:\/\/arsonkagit.com\/?post_type=product&#038;p=988224"},"modified":"2026-04-27T07:04:32","modified_gmt":"2026-04-27T07:04:32","slug":"deniss-z-katli-havlu-150-yaprak","status":"publish","type":"product","link":"https:\/\/arsonkagit.com\/en\/product\/deniss-z-katli-havlu-150-yaprak\/","title":{"rendered":"60655015 WAVE Z KATLI HAVLU \u2013 150 YAPRAK"},"content":{"rendered":"<div class=\"vgblk-rw-wrapper limit-wrapper\">\n<table id=\"tablepress-40405015\" class=\"tablepress tablepress-id-40405015\">\n<thead>\n<tr class=\"row-1 odd\">\n\t<th class=\"column-1\">Product Specifications<\/th><th class=\"column-2\"><\/th>\n<\/tr>\n<\/thead>\n<tbody class=\"row-hover\">\n<tr class=\"row-2 even\">\n\t<td class=\"column-1\">Product Code<\/td><td class=\"column-2\">60655015<\/td>\n<\/tr>\n<tr class=\"row-3 odd\">\n\t<td class=\"column-1\">Ply<\/td><td class=\"column-2\">2<\/td>\n<\/tr>\n<tr class=\"row-4 even\">\n\t<td class=\"column-1\">GSM (Gr\/m2)<\/td><td class=\"column-2\">17<\/td>\n<\/tr>\n<tr class=\"row-5 odd\">\n\t<td class=\"column-1\">Sheet Width (cm)<\/td><td class=\"column-2\">20<\/td>\n<\/tr>\n<tr class=\"row-6 even\">\n\t<td class=\"column-1\">Sheet Length (cm)<\/td><td class=\"column-2\">20<\/td>\n<\/tr>\n<tr class=\"row-7 odd\">\n\t<td class=\"column-1\">Sheet #<\/td><td class=\"column-2\">150<\/td>\n<\/tr>\n<tr class=\"row-8 even\">\n\t<td class=\"column-1\">Roll in Package<\/td><td class=\"column-2\">12<\/td>\n<\/tr>\n<tr class=\"row-9 odd\">\n\t<td class=\"column-1\">Package Weight (gr)<\/td><td class=\"column-2\">2900<\/td>\n<\/tr>\n<\/tbody>\n<\/table>\n<!-- #tablepress-40405015 from cache --><\/div>\n<p><!-- .vgblk-rw-wrapper --><\/p>","protected":false},"excerpt":{"rendered":"<p>Wave Z Katl\u0131 Havlu, y\u00fcksek emicilik ve dayan\u0131kl\u0131l\u0131k sunar. Dayan\u0131kl\u0131 yap\u0131s\u0131 sayesinde kolayca da\u011f\u0131lmaz. \u00d6zel dokusu ekstra yumu\u015fakt\u0131r ve hassas y\u00fczeylerde bile %100 g\u00fcvenle kullanabilirsiniz.<\/p>\n<p><strong>Made from 100% pure cellulose. <\/strong><\/p>","protected":false},"featured_media":988627,"template":"","meta":[],"product_cat":[81],"product_tag":[],"class_list":{"0":"post-988224","1":"product","2":"type-product","3":"status-publish","4":"has-post-thumbnail","6":"product_cat-z-katli-havlu","8":"first","9":"instock","10":"shipping-taxable","11":"product-type-simple"},"_links":{"self":[{"href":"https:\/\/arsonkagit.com\/en\/wp-json\/wp\/v2\/product\/988224","targetHints":{"allow":["GET"]}}],"collection":[{"href":"https:\/\/arsonkagit.com\/en\/wp-json\/wp\/v2\/product"}],"about":[{"href":"https:\/\/arsonkagit.com\/en\/wp-json\/wp\/v2\/types\/product"}],"wp:featuredmedia":[{"embeddable":true,"href":"https:\/\/arsonkagit.com\/en\/wp-json\/wp\/v2\/media\/988627"}],"wp:attachment":[{"href":"https:\/\/arsonkagit.com\/en\/wp-json\/wp\/v2\/media?parent=988224"}],"wp:term":[{"taxonomy":"product_cat","embeddable":true,"href":"https:\/\/arsonkagit.com\/en\/wp-json\/wp\/v2\/product_cat?post=988224"},{"taxonomy":"product_tag","embeddable":true,"href":"https:\/\/arsonkagit.com\/en\/wp-json\/wp\/v2\/product_tag?post=988224"}],"curies":[{"name":"wp","href":"https:\/\/api.w.org\/{rel}","templated":true}]}}