{"id":988384,"date":"2024-07-03T08:40:43","date_gmt":"2024-07-03T08:40:43","guid":{"rendered":"https:\/\/arsonkagit.com\/?page_id=988384"},"modified":"2024-07-03T08:41:21","modified_gmt":"2024-07-03T08:41:21","slug":"kisisel-verilerin-korunma-kanunu","status":"publish","type":"page","link":"https:\/\/arsonkagit.com\/en\/kisisel-verilerin-korunma-kanunu\/","title":{"rendered":"Ki\u015fisel Verilerin Korunma Kanunu"},"content":{"rendered":"<div data-elementor-type=\"wp-page\" data-elementor-id=\"988384\" class=\"elementor elementor-988384\" data-elementor-post-type=\"page\">\n\t\t\t\t<div class=\"elementor-element elementor-element-2f3d9f2 e-flex e-con-boxed e-con e-parent\" data-id=\"2f3d9f2\" data-element_type=\"container\" data-settings=\"{&quot;background_background&quot;:&quot;classic&quot;,&quot;shape_divider_bottom&quot;:&quot;arrow&quot;,&quot;shape_divider_bottom_negative&quot;:&quot;yes&quot;}\" data-core-v316-plus=\"true\">\n\t\t\t\t\t<div class=\"e-con-inner\">\n\t\t\t\t<div class=\"elementor-shape elementor-shape-bottom\" data-negative=\"true\">\n\t\t\t<svg xmlns=\"http:\/\/www.w3.org\/2000\/svg\" viewbox=\"0 0 700 10\" preserveaspectratio=\"none\">\n\t<path class=\"elementor-shape-fill\" d=\"M360 0L350 9.9 340 0 0 0 0 10 700 10 700 0\"\/>\n<\/svg>\t\t<\/div>\n\t\t\t\t<div class=\"elementor-element elementor-element-81afbf1 elementor-widget elementor-widget-heading\" data-id=\"81afbf1\" data-element_type=\"widget\" data-widget_type=\"heading.default\">\n\t\t\t\t<div class=\"elementor-widget-container\">\n\t\t\t<style>\/*! elementor - v3.20.0 - 26-03-2024 *\/\n.elementor-heading-title{padding:0;margin:0;line-height:1}.elementor-widget-heading .elementor-heading-title[class*=elementor-size-]>a{color:inherit;font-size:inherit;line-height:inherit}.elementor-widget-heading .elementor-heading-title.elementor-size-small{font-size:15px}.elementor-widget-heading .elementor-heading-title.elementor-size-medium{font-size:19px}.elementor-widget-heading .elementor-heading-title.elementor-size-large{font-size:29px}.elementor-widget-heading .elementor-heading-title.elementor-size-xl{font-size:39px}.elementor-widget-heading .elementor-heading-title.elementor-size-xxl{font-size:59px}<\/style><h2 class=\"elementor-heading-title elementor-size-default\">Ki\u015fisel Verilerin Korunma Kanunu\n<\/h2>\t\t<\/div>\n\t\t\t\t<\/div>\n\t\t\t\t\t<\/div>\n\t\t\t\t<\/div>\n\t\t<div class=\"elementor-element elementor-element-b166a6e e-flex e-con-boxed e-con e-parent\" data-id=\"b166a6e\" data-element_type=\"container\" data-core-v316-plus=\"true\">\n\t\t\t\t\t<div class=\"e-con-inner\">\n\t\t\t\t<div class=\"elementor-element elementor-element-b519fc8 elementor-widget elementor-widget-text-editor\" data-id=\"b519fc8\" data-element_type=\"widget\" data-widget_type=\"text-editor.default\">\n\t\t\t\t<div class=\"elementor-widget-container\">\n\t\t\t<style>\/*! elementor - v3.20.0 - 26-03-2024 *\/\n.elementor-widget-text-editor.elementor-drop-cap-view-stacked .elementor-drop-cap{background-color:#69727d;color:#fff}.elementor-widget-text-editor.elementor-drop-cap-view-framed .elementor-drop-cap{color:#69727d;border:3px solid;background-color:transparent}.elementor-widget-text-editor:not(.elementor-drop-cap-view-default) .elementor-drop-cap{margin-top:8px}.elementor-widget-text-editor:not(.elementor-drop-cap-view-default) .elementor-drop-cap-letter{width:1em;height:1em}.elementor-widget-text-editor .elementor-drop-cap{float:left;text-align:center;line-height:1;font-size:50px}.elementor-widget-text-editor .elementor-drop-cap-letter{display:inline-block}<\/style>\t\t\t\t<p><strong>\u00a0<\/strong><\/p><p><strong>\u0130leti\u015fim S\u00fcreci Ayd\u0131nlatma Metni<\/strong><\/p><p>\u00a0<\/p><p>6698 say\u0131l\u0131 Ki\u015fisel Verilerin Korunmas\u0131 Kanunu (\u201cKanun\u201d) uyar\u0131nca, ki\u015fisel verileriniz; veri sorumlusu olarak ARSON Ka\u011f\u0131t D\u0131\u015f Ticaret Limited \u015eirketi (\u201c\u015eirket\u201d) taraf\u0131ndan a\u015fa\u011f\u0131da a\u00e7\u0131klanan kapsamda i\u015flenecektir.<\/p><p>Bu metin, internet sitemizde yer alan ileti\u015fim formu arac\u0131l\u0131\u011f\u0131yla i\u015flenen ki\u015fisel verileriniz hakk\u0131nda bilgiler i\u00e7ermektedir.<\/p><p>\u00a0<\/p><p>\u00a0<\/p><ol><li>Ki\u015fisel Verilerin \u0130\u015flenme Ama\u00e7lar\u0131, Toplama Y\u00f6ntemleri ve Hukuki Sebepleri<\/li><\/ol><p>\u00a0<\/p><table width=\"652\"><thead><tr><td width=\"302\"><p><strong>1. Veri Kategorisi: Kimlik Bilgileri<\/strong><\/p><\/td><td width=\"350\"><p>\u00a0<\/p><\/td><\/tr><\/thead><tbody><tr><td width=\"302\"><p>\u0130\u015flenen Ki\u015fisel Veriler<\/p><\/td><td width=\"350\"><p>\u2022Ad-Soyad<\/p><\/td><\/tr><tr><td width=\"302\"><p>Ki\u015fisel Verilerin \u0130\u015flenme Ama\u00e7lar\u0131<\/p><\/td><td width=\"350\"><p>\u2022\u0130leti\u015fim faaliyetlerinin y\u00fcr\u00fct\u00fclmesi<br \/>\u2022M\u00fc\u015fteri memnuniyeti faaliyetlerinin y\u00fcr\u00fct\u00fclmesi<\/p><\/td><\/tr><tr><td width=\"302\"><p>Ki\u015fisel Verilerin \u0130\u015flenmesinin Hukuki Sebepleri<\/p><\/td><td width=\"350\"><p>Ki\u015fisel verileriniz, yukar\u0131da say\u0131lan ama\u00e7lar\u0131n ger\u00e7ekle\u015ftirilmesi do\u011frultusunda, ilgili mevzuat ve Kanun\u2019un 5. maddesinde belirtilen;<br \/>\u2022Veri \u0130\u015flemenin \u0130lgili Ki\u015finin Temel Hak ve \u00d6zg\u00fcrl\u00fcklerine Zarar Vermemek Kayd\u0131yla Veri Sorumlusunun Me\u015fru Menfaatleri \u0130\u00e7in Zorunlu Olmas\u0131<\/p><\/td><\/tr><tr><td width=\"302\"><p>Ki\u015fisel Verileri Toplama Y\u00f6ntemleri<\/p><\/td><td width=\"350\"><p>Yukar\u0131da belirtilen ki\u015fisel verileriniz; internet sitemizde bulunan ileti\u015fim formu vas\u0131tas\u0131yla toplanmaktad\u0131r.<\/p><\/td><\/tr><\/tbody><\/table><p>\u00a0<\/p><table width=\"652\"><thead><tr><td width=\"311\"><p><strong>2. Veri Kategorisi: \u0130leti\u015fim Bilgileri<\/strong><\/p><\/td><td width=\"340\"><p>\u00a0<\/p><\/td><\/tr><\/thead><tbody><tr><td width=\"311\"><p>\u0130\u015flenen Ki\u015fisel Veriler<\/p><\/td><td width=\"340\"><p>\u2022E-posta<br \/>\u2022Telefon<\/p><\/td><\/tr><tr><td width=\"311\"><p>Ki\u015fisel Verilerin \u0130\u015flenme Ama\u00e7lar\u0131<\/p><\/td><td width=\"340\"><p>\u2022\u0130leti\u015fim faaliyetlerinin y\u00fcr\u00fct\u00fclmesi<br \/>\u2022M\u00fc\u015fteri memnuniyeti faaliyetlerinin y\u00fcr\u00fct\u00fclmesi<\/p><\/td><\/tr><tr><td width=\"311\"><p>Ki\u015fisel Verilerin \u0130\u015flenmesinin Hukuki Sebepleri<\/p><\/td><td width=\"340\"><p>Ki\u015fisel verileriniz, yukar\u0131da say\u0131lan ama\u00e7lar\u0131n ger\u00e7ekle\u015ftirilmesi do\u011frultusunda, ilgili mevzuat ve Kanun\u2019un 5. maddesinde belirtilen;<br \/>\u2022Veri \u0130\u015flemenin \u0130lgili Ki\u015finin Temel Hak ve \u00d6zg\u00fcrl\u00fcklerine Zarar Vermemek Kayd\u0131yla Veri Sorumlusunun Me\u015fru Menfaatleri \u0130\u00e7in Zorunlu Olmas\u0131<\/p><\/td><\/tr><tr><td width=\"311\"><p>Ki\u015fisel Verileri Toplama Y\u00f6ntemleri<\/p><\/td><td width=\"340\"><p>Yukar\u0131da belirtilen ki\u015fisel verileriniz; internet sitemizde bulunan ileti\u015fim formu vas\u0131tas\u0131yla toplanmaktad\u0131r.<\/p><\/td><\/tr><\/tbody><\/table><p>\u00a0<\/p><table width=\"652\"><thead><tr><td width=\"311\"><p><strong>3. Veri Kategorisi: \u0130\u015flem G\u00fcvenli\u011fi Bilgileri<\/strong><\/p><\/td><td width=\"340\"><p>\u00a0<\/p><\/td><\/tr><\/thead><tbody><tr><td width=\"311\"><p>\u0130\u015flenen Ki\u015fisel Veriler<\/p><\/td><td width=\"340\"><p>\u25cfIP Adresi<br \/>\u25cf\u00c7erez Bilgileri<br \/>\u25cfOnay Log Kay\u0131tlar\u0131<\/p><\/td><\/tr><tr><td width=\"311\"><p>Ki\u015fisel Verilerin \u0130\u015flenme Ama\u00e7lar\u0131<\/p><\/td><td width=\"340\"><p>\u25cf\u00dcr\u00fcn \/ Hizmetlerin Pazarlama S\u00fcre\u00e7lerinin Y\u00fcr\u00fct\u00fclmesi<br \/>\u25cfPazarlama Analiz \u00c7al\u0131\u015fmalar\u0131n\u0131n Y\u00fcr\u00fct\u00fclmesi<br \/>\u25cfA\u00e7\u0131k r\u0131za verilmesi halinde tercihlerin ve ilgi alanlar\u0131n\u0131n analiz edilebilmesi<\/p><\/td><\/tr><tr><td width=\"311\"><p>Ki\u015fisel Verilerin \u0130\u015flenmesinin Hukuki Sebepleri<\/p><\/td><td width=\"340\"><p>Ki\u015fisel verileriniz, yukar\u0131da say\u0131lan ama\u00e7lar\u0131n ger\u00e7ekle\u015ftirilmesi do\u011frultusunda, Kanun\u2019un 5. maddesinde belirtilen;<br \/>\u25cf\u0130lgili ki\u015finin a\u00e7\u0131k r\u0131zas\u0131n\u0131n bulunmas\u0131,<br \/>\u25cf\u0130lgili ki\u015finin temel hak ve \u00f6zg\u00fcrl\u00fcklerine zarar vermemek kayd\u0131yla, veri sorumlusunun me\u015fru menfaatleri i\u00e7in veri i\u015flenmesinin zorunlu olmas\u0131 hukuki sebeplerine dayan\u0131larak i\u015flenmektedir.<\/p><\/td><\/tr><tr><td width=\"311\"><p>Ki\u015fisel Verileri Toplama Y\u00f6ntemleri<\/p><\/td><td width=\"340\"><p>Yukar\u0131da belirtilen ki\u015fisel verileriniz; internet sitesi vas\u0131tas\u0131yla elektronik ortamda toplanmaktad\u0131r.<\/p><\/td><\/tr><\/tbody><\/table><p>\u00a0<\/p><p><strong>Di\u011fer (Bulunmas\u0131 Halinde):<\/strong> Serbest metin alanlar\u0131nda \u015eirket\u2019e kendi iste\u011finiz ile iletece\u011finiz ki\u015fisel verileriniz, \u015eirket faaliyetlerini iyile\u015ftirme ve m\u00fc\u015fteri memnuniyetine y\u00f6nelik faaliyetlerin y\u00fcr\u00fct\u00fclmesi ama\u00e7lar\u0131yla s\u0131n\u0131rl\u0131 olarak i\u015flenecektir.<\/p><p>\u00a0<\/p><p>\u00a0<\/p><ol><li><strong> Ki\u015fisel Verilerinizin Kimlerle ve Hangi Ama\u00e7larla Payla\u015f\u0131ld\u0131\u011f\u0131<\/strong><\/li><\/ol><p>Ki\u015fisel verileriniz bu ayd\u0131nlatma metninin \u201cA. Ki\u015fisel Verilerin \u0130\u015flenme Ama\u00e7lar\u0131, Toplama Y\u00f6ntemleri ve Hukuki Sebepleri\u201d ba\u015fl\u0131\u011f\u0131nda belirtilen ama\u00e7lar ve hukuki sebeplere uygun olarak \u00fc\u00e7\u00fcnc\u00fc taraflarla payla\u015f\u0131lmaktad\u0131r. Ki\u015fisel verilerinizin kimlerle, hangi ama\u00e7larla payla\u015f\u0131ld\u0131\u011f\u0131na ili\u015fkin bilgilere a\u015fa\u011f\u0131da yer verilmektedir:\u00a0<\/p><p>\u00a0<\/p><ul><li>\u00dcr\u00fcn ve Hizmet Ald\u0131\u011f\u0131m\u0131z \u015eirketler (Yurt \u0130\u00e7indeki \u0130\u015f Ortaklar\u0131m\u0131z, Tedarik\u00e7ilerimiz) \u27ad \u00dc\u00e7\u00fcnc\u00fc taraflardan mal veya hizmet tedariki kapsam\u0131nda veya talep, \u00f6neri, \u015fik\u00e2yetleriniz olmas\u0131 halinde destek al\u0131nmas\u0131.<\/li><\/ul><p>\u00a0<\/p><ul><li>Yetkili Kurum ve Kurulu\u015flar, Hukuken Yetkili Ki\u015filer \u27ad Yetkili kurum veya kurulu\u015flar\u0131n \u015eirketimizden talepte bulunmas\u0131 ya da bu kurumlara bildirim yapmam\u0131z\u0131n \u00f6ng\u00f6r\u00fcld\u00fc\u011f\u00fc durumlarda, yasal y\u00fck\u00fcml\u00fcl\u00fcklerimizin yerine getirilmesi.<\/li><\/ul><p>\u00a0<\/p><p>Ki\u015fisel verileriniz \u00fc\u00e7\u00fcnc\u00fc taraflarla payla\u015f\u0131l\u0131rken Kanun\u2019un ki\u015fisel verilerin aktar\u0131lmas\u0131na ili\u015fkin kurallar\u0131na uygunluk sa\u011flanmaktad\u0131r.<\/p><p>\u00a0<\/p><p>\u00a0<\/p><p>\u00a0<\/p><p>\u00a0<\/p><p>\u00a0<\/p><ol><li><strong> Ki\u015fisel Verilerinize \u0130li\u015fkin Haklar\u0131n\u0131z<\/strong><\/li><\/ol><p><strong>\u00a0<\/strong><\/p><p><strong>\u00a0Ki\u015fisel verilerinize ili\u015fkin olarak Ki\u015fisel Verilerin Korunmas\u0131 Kanunu\u2019nun 11\u2019inci maddesi kapsam\u0131ndaki taleplerinizi, \u201cVeri Sorumlusuna Ba\u015fvuru Usul ve Esaslar\u0131 Hakk\u0131nda Tebli\u011fi\u201dne uygun \u015fekilde yaz\u0131l\u0131 olarak ya da kay\u0131tl\u0131 elektronik posta (KEP) adresi, g\u00fcvenli elektronik imza, mobil imza ya da Arson Da\u011f\u0131t\u0131ma bildirdi\u011finiz ve sistemimizde kay\u0131tl\u0131 bulunan elektronik posta adresinizi kullanarak a\u015fa\u011f\u0131daki adreslere her zaman iletebilirsiniz. <\/strong><\/p><p><strong>Veri Sorumlusu:<\/strong> ARSON Ka\u011f\u0131t D\u0131\u015f Ticaret Limited \u015eirketi<\/p><p>\u00a0<\/p><p>E-posta: info@ars10.com<\/p><p>\u00a0<\/p><p>Kep Adresi: <a href=\"mailto:arsonkagit@hs06.kep.tr\">arsonkagit@hs06.kep.tr<\/a><\/p><p>\u00a0<\/p><p>Adres: Mahmutbey Mah. Ta\u015foca\u011f\u0131 Yolu Cad. No:26 Ba\u011fc\u0131lar \/ \u0130stanbul<\/p><p>\u00a0<\/p><p>\u00a0<\/p><p>\u00a0<\/p><p><strong>\u00c7erez Ayd\u0131nlatma Metni<\/strong><\/p><p>\u00a0<\/p><p>\u0130\u015fbu \u00c7erez Ayd\u0131nlatma Metni, 6698 say\u0131l\u0131 Ki\u015fisel Verilerin Korunmas\u0131 Kanunu\u2019nun (\u201cKanun\u201d) m. 10 ile Ayd\u0131nlatma Y\u00fck\u00fcml\u00fcl\u00fc\u011f\u00fcn\u00fcn Yerine Getirilmesinde Uyulacak Usul ve Esaslar Hakk\u0131nda Tebli\u011f kapsam\u0131nda veri sorumlusu s\u0131fat\u0131yla ARSON Ka\u011f\u0131t D\u0131\u015f Ticaret Limited \u015eirketi (&#8220;ARSON&#8221;\/&#8221;\u015eirket&#8221;) taraf\u0131ndan haz\u0131rlanm\u0131\u015ft\u0131r.\u00a0 Bu metnin amac\u0131, internet sitemizde kullan\u0131lan \u00e7erezlerin cihaz\u0131n\u0131za yerle\u015ftirilmesi arac\u0131l\u0131\u011f\u0131yla otomatik yolla elde edilen ki\u015fisel verilerin i\u015flenmesine ili\u015fkin olarak, hangi ama\u00e7larla hangi t\u00fcr \u00e7erezleri kulland\u0131\u011f\u0131m\u0131z, hukuki sebebi ve haklar\u0131n\u0131z hakk\u0131nda sizlere bilgi vermektir.<\/p><p>\u00a0<\/p><p>\u00c7erezler, bir web sitesini ziyaret etti\u011finizde taray\u0131c\u0131n\u0131z arac\u0131l\u0131\u011f\u0131yla bilgisayar\u0131n\u0131za veya mobil cihaz\u0131n\u0131za kaydedilen k\u00fc\u00e7\u00fck boyutlu metin dosyalar\u0131 olup web sitesinin daha verimli \u00e7al\u0131\u015fmas\u0131n\u0131n yan\u0131 s\u0131ra ki\u015fisel ihtiya\u00e7lar\u0131n\u0131za daha uygun ve h\u0131zl\u0131 bir ziyaret deneyimi ya\u015fatmak i\u00e7in ki\u015fiselle\u015ftirilmi\u015f sayfalar\u0131n sunulabilmesine olanak vermektedir. \u00c7erezler, sadece internet ortam\u0131ndaki ziyaret ge\u00e7mi\u015finize dair bilgiler i\u00e7ermekte olup bilgisayar\u0131n\u0131zda veya mobil cihaz\u0131n\u0131zda depolanm\u0131\u015f dosyalara dair herhangi bir bilgi toplamamaktad\u0131r.<\/p><p>\u00a0<\/p><p>Kanun uyar\u0131nca, www.arsonkagit.com. (\u201c\u0130nternet Sitesi\u201d) \u00fczerinde kullan\u0131lan \u00e7erezlere ili\u015fkin olarak ki\u015fisel verileriniz; veri sorumlusu olarak \u015eirketimiz taraf\u0131ndan a\u015fa\u011f\u0131da a\u00e7\u0131klanan kapsamda i\u015flenebilecektir.<\/p><p>\u00a0<\/p><p>Ki\u015fisel Verileriniz, \u0130\u015fleme Ama\u00e7lar\u0131m\u0131z ve Hukuki Sebepler<\/p><p>\u00a0<\/p><p>Toplanan ki\u015fisel verileriniz, a\u015fa\u011f\u0131da yer verilen ama\u00e7larla (\u201cAma\u00e7lar\u201d) Kanun\u2019un 5. maddesinde belirtilen ki\u015fisel veri i\u015fleme \u015fartlar\u0131 ve ama\u00e7lar\u0131 dahilinde i\u015flenecektir.\u00a0 \u0130nternet Sitesi \u00fczerinde farkl\u0131 ama\u00e7larla \u00e7erezler kullan\u0131lmaktad\u0131r. Kullan\u0131lan ilgili \u00e7erezin t\u00fcr\u00fcne g\u00f6re veri i\u015fleme ama\u00e7lar\u0131 ve ilgili \u00e7erezi kullan\u0131rken dayand\u0131\u011f\u0131m\u0131z Kanun kapsam\u0131ndaki veri i\u015fleme \u015fart\u0131 de\u011fi\u015febilmektedir.<\/p><p>\u00a0<\/p><p><strong>\u00c7erez Tipleri<\/strong><\/p><p>\u00a0<\/p><p><strong>Aktif oldu\u011fu s\u00fcreye g\u00f6re<\/strong><\/p><p><strong>\u00a0<\/strong><\/p><ul><li><strong>Oturum \u00c7erezleri:<\/strong> Sitenin kullan\u0131m\u0131 s\u0131ras\u0131nda ge\u00e7erli olan \u00e7erezler olup Kullan\u0131c\u0131n\u0131n taray\u0131c\u0131y\u0131 kapatmas\u0131 veya oturumun sona ermesi s\u00fcresine kadar ge\u00e7erliliklerini korurlar.<\/li><li><strong>Kal\u0131c\u0131 \u00c7erezler:<\/strong> \u00c7erezin kullan\u0131c\u0131 taraf\u0131ndan silinme tarihine kadar veya \u00e7erez i\u00e7in belirli son kullanma tarihine kadar s\u00fcr\u00fcc\u00fcde yer alan \u00e7erezlerdir. Kal\u0131c\u0131 \u00e7erezlerin kodlar\u0131nda de\u011fi\u015fken s\u00fcreli, yaz\u0131l\u0131 bir son kullanma tarihi bulunmaktad\u0131r.<\/li><\/ul><p>\u00a0<\/p><p><strong>Kullan\u0131m ama\u00e7lar\u0131na g\u00f6re<\/strong><\/p><p><strong>\u00a0<\/strong><\/p><p><strong>Gerekli \u00c7erezler<\/strong><\/p><p>\u00a0<\/p><p>Zorunlu \u00e7erezler, \u0130nternet Sitesini g\u00f6r\u00fcnt\u00fclemeniz esnas\u0131nda cihaz\u0131n\u0131za yerle\u015ftirilen ve sunulan online servislerin d\u00fczg\u00fcn \u015fekilde \u00e7al\u0131\u015fabilmesi i\u00e7in gerekli olan \u00e7erezlerdir.\u00a0 Bu \u00e7erezlerin kullan\u0131m\u0131 esnas\u0131nda ger\u00e7ekle\u015ftirdi\u011fimiz veri i\u015fleme faaliyetleri i\u00e7in Kanun madde 5 kapsam\u0131nda \u201cBir s\u00f6zle\u015fmenin kurulmas\u0131 veya ifas\u0131yla do\u011frudan do\u011fruya ilgili olmas\u0131 kayd\u0131yla, s\u00f6zle\u015fmenin taraflar\u0131na ait ki\u015fisel verilerin i\u015flenmesinin gerekli olmas\u0131\u201d ve \u201c\u0130lgili ki\u015finin temel hak ve \u00f6zg\u00fcrl\u00fcklerine zarar vermemek kayd\u0131yla, veri sorumlusunun me\u015fru menfaatleri i\u00e7in veri i\u015flenmesinin zorunlu olmas\u0131\u201d hukuki sebebine dayanmaktay\u0131z.\u00a0\u00a0<\/p><p>\u00a0<\/p><p><strong>\u0130\u015flevsellik \u00c7erezleri<\/strong><\/p><p>\u00a0<\/p><p>\u0130\u015flevsellik \u00e7erezleri, \u0130nternet Sitesinde ki\u015fiselle\u015ftirme ve tercihlerin hat\u0131rlanmas\u0131 ama\u00e7lar\u0131 ile kullan\u0131lan \u00e7erezlerdir. Bu \u00e7erezler zorunlu \u00e7erezler d\u0131\u015f\u0131nda kalan i\u015flevselli\u011fi sa\u011flama amac\u0131yla kullan\u0131lmaktad\u0131r. Bu \u00e7erezlerin kullan\u0131m\u0131 esnas\u0131nda ger\u00e7ekle\u015ftirdi\u011fimiz veri i\u015fleme faaliyetleri i\u00e7in Kanun madde 5 kapsam\u0131nda \u201ca\u00e7\u0131k r\u0131za\u201d hukuki sebebine dayanmaktay\u0131z.<\/p><p>\u00a0<\/p><p><strong>Performans ve Analitik \u00c7erezleri<\/strong><\/p><p>\u00a0<\/p><p>Performans \u00e7erezleri, \u0130nternet Sitesini g\u00f6r\u00fcnt\u00fcleyen ki\u015fi say\u0131s\u0131 ile \u0130nternet Site trafi\u011finin takip ve analiz edilmesini sa\u011flar. Bu \u00e7erezler sayesinde \u0130nternet Sitesi \u00fczerindeki alanlardan hangilerinin en s\u0131k ya da seyrek ziyaret edildi\u011fi gibi bilgileri edinebilir ve \u0130nternet Sitesinin trafi\u011fini optimize edebiliriz. Bu \u00e7erezlerin kullan\u0131m\u0131 esnas\u0131nda ger\u00e7ekle\u015ftirdi\u011fimiz veri i\u015fleme faaliyetleri i\u00e7in Kanun madde 5 kapsam\u0131nda \u201ca\u00e7\u0131k r\u0131za\u201d hukuki sebebine dayanmaktay\u0131z.<\/p><p>\u00a0<\/p><p><strong>Reklam ve Pazarlama \u00c7erezleri<\/strong><\/p><p>\u00a0<\/p><p>Bu \u00e7erezler \u0130nternet Sitesi kullan\u0131c\u0131lar\u0131na ilgi alanlar\u0131na yak\u0131n olan i\u00e7erikleri ve kampanyalar\u0131 sunmak amac\u0131yla kullan\u0131l\u0131r. Ayr\u0131ca hedefli reklamlar sunmak veya bir reklam\u0131n size g\u00f6r\u00fcnt\u00fclenme say\u0131s\u0131n\u0131 k\u0131s\u0131tlamak amac\u0131yla da kullan\u0131labilir. Bu \u00e7erezler taraf\u0131n\u0131za \u00f6zel \u00fcr\u00fcn tan\u0131t\u0131m\u0131 yapmak, ki\u015fiselle\u015ftirilmi\u015f reklamlar g\u00f6stermek, reklam kampanyalar\u0131n\u0131n etkinli\u011fini \u00f6l\u00e7mek i\u00e7in kullan\u0131labilir. Bu \u00e7erezlerin kullan\u0131m\u0131 esnas\u0131nda ger\u00e7ekle\u015ftirdi\u011fimiz veri i\u015fleme faaliyetleri i\u00e7in Kanun madde 5 kapsam\u0131nda \u201ca\u00e7\u0131k r\u0131za\u201d hukuki sebebine dayanmaktay\u0131z.<\/p><p>\u00a0<\/p><p><strong>\u0130nternet Sitesinde Kullan\u0131lan \u00c7erezler \u00c7e\u015fitleri<\/strong><\/p><p>\u00a0<\/p><p>A\u015fa\u011f\u0131da \u0130nternet Sitesinde kulland\u0131\u011f\u0131m\u0131z farkl\u0131 t\u00fcrdeki \u00e7erezleri bulabilirsiniz. \u0130nternet Sitesinde \u00fc\u00e7\u00fcnc\u00fc taraf \u00e7erezleri de kullan\u0131lmaktad\u0131r.<\/p><p>\u00a0<\/p><table width=\"623\"><thead><tr><td colspan=\"3\" width=\"623\"><p><strong>Gerekli \u00c7erezler<\/strong><\/p><\/td><\/tr><\/thead><tbody><tr><td width=\"179\"><p>\u00c7erez Ad\u0131<\/p><\/td><td width=\"331\"><p>Kullan\u0131m amac\u0131<\/p><\/td><td width=\"113\"><p>Kullan\u0131m S\u00fcresi<\/p><\/td><\/tr><tr><td width=\"179\"><p>cookieyes-consent<\/p><\/td><td width=\"331\"><p>CookieYes, bu \u00e7erezi, kullan\u0131c\u0131lar\u0131n bu siteye sonraki ziyaretlerinde tercihlerine uyulmas\u0131n\u0131 sa\u011flamak i\u00e7in r\u0131za tercihlerini hat\u0131rlamas\u0131 i\u00e7in ayarlar. Sitenin ziyaret\u00e7ileri hakk\u0131nda herhangi bir ki\u015fisel bilgi toplamaz veya saklamaz.<\/p><\/td><td width=\"113\"><p>1 Y\u0131l<\/p><\/td><\/tr><tr><td width=\"179\"><p>wpEmojiSettingsSupports<\/p><\/td><td width=\"331\"><p>WordPress bu \u00e7erezi, kullan\u0131c\u0131 bir WordPress sitesinde emojilerle etkile\u015fime girdi\u011finde ayarlar. Kullan\u0131c\u0131n\u0131n taray\u0131c\u0131s\u0131n\u0131n emojileri d\u00fczg\u00fcn bir \u015fekilde g\u00f6r\u00fcnt\u00fcleyip g\u00f6r\u00fcnt\u00fcleyemedi\u011fini belirlemeye yard\u0131mc\u0131 olur.<\/p><\/td><td width=\"113\"><p>oturum<\/p><\/td><\/tr><\/tbody><\/table><p>\u00a0<\/p><p>\u00a0<\/p><table width=\"623\"><thead><tr><td colspan=\"3\" width=\"623\"><p><strong>Performans ve Analitik \u00c7erezleri<\/strong><\/p><\/td><\/tr><\/thead><tbody><tr><td width=\"179\"><p>\u00c7erez Ad\u0131<\/p><\/td><td width=\"331\"><p>Kullan\u0131m amac\u0131<\/p><\/td><td width=\"113\"><p>Kullan\u0131m S\u00fcresi<\/p><\/td><\/tr><tr><td width=\"179\"><p>sbjs_migrations<\/p><\/td><td width=\"331\"><p>Sourcebuster, bu \u00e7erezi bir ziyaretin kayna\u011f\u0131n\u0131 tan\u0131mlamak i\u00e7in ayarlar ve kullan\u0131c\u0131 eylem bilgilerini \u00e7erezlerde saklar. Bu analitik ve davran\u0131\u015fsal \u00e7erez, web sitesindeki ziyaret\u00e7i deneyimini geli\u015ftirmek i\u00e7in kullan\u0131l\u0131r.<\/p><\/td><td width=\"113\"><p>oturum<\/p><\/td><\/tr><tr><td width=\"179\"><p>sbjs_current_add<\/p><\/td><td width=\"331\"><p>Sourcebuster, bu \u00e7erezi bir ziyaretin kayna\u011f\u0131n\u0131 tan\u0131mlamak i\u00e7in ayarlar ve kullan\u0131c\u0131 eylem bilgilerini \u00e7erezlerde saklar. Bu analitik ve davran\u0131\u015fsal \u00e7erez, web sitesindeki ziyaret\u00e7i deneyimini geli\u015ftirmek i\u00e7in kullan\u0131l\u0131r.<\/p><\/td><td width=\"113\"><p>oturum<\/p><\/td><\/tr><tr><td width=\"179\"><p>sbjs_first_add<\/p><\/td><td width=\"331\"><p>Sourcebuster, bu \u00e7erezi bir ziyaretin kayna\u011f\u0131n\u0131 tan\u0131mlamak i\u00e7in ayarlar ve kullan\u0131c\u0131 eylem bilgilerini \u00e7erezlerde saklar. Bu analitik ve davran\u0131\u015fsal \u00e7erez, web sitesindeki ziyaret\u00e7i deneyimini geli\u015ftirmek i\u00e7in kullan\u0131l\u0131r.<\/p><\/td><td width=\"113\"><p>oturum<\/p><\/td><\/tr><tr><td width=\"179\"><p>sbjs_current<\/p><\/td><td width=\"331\"><p>Sourcebuster, bu \u00e7erezi bir ziyaretin kayna\u011f\u0131n\u0131 tan\u0131mlamak i\u00e7in ayarlar ve kullan\u0131c\u0131 eylem bilgilerini \u00e7erezlerde saklar. Bu analitik ve davran\u0131\u015fsal \u00e7erez, web sitesindeki ziyaret\u00e7i deneyimini geli\u015ftirmek i\u00e7in kullan\u0131l\u0131r.<\/p><\/td><td width=\"113\"><p>oturum<\/p><\/td><\/tr><tr><td width=\"179\"><p>sbjs_first<\/p><\/td><td width=\"331\"><p>Sourcebuster, bu \u00e7erezi bir ziyaretin kayna\u011f\u0131n\u0131 tan\u0131mlamak i\u00e7in ayarlar ve kullan\u0131c\u0131 eylem bilgilerini \u00e7erezlerde saklar. Bu analitik ve davran\u0131\u015fsal \u00e7erez, web sitesindeki ziyaret\u00e7i deneyimini geli\u015ftirmek i\u00e7in kullan\u0131l\u0131r.<\/p><\/td><td width=\"113\"><p>oturum<\/p><\/td><\/tr><tr><td width=\"179\"><p>sbjs_udata<\/p><\/td><td width=\"331\"><p>Sourcebuster, bu \u00e7erezi bir ziyaretin kayna\u011f\u0131n\u0131 tan\u0131mlamak i\u00e7in ayarlar ve kullan\u0131c\u0131 eylem bilgilerini \u00e7erezlerde saklar. Bu analitik ve davran\u0131\u015fsal \u00e7erez, web sitesindeki ziyaret\u00e7i deneyimini geli\u015ftirmek i\u00e7in kullan\u0131l\u0131r.<\/p><\/td><td width=\"113\"><p>oturum<\/p><\/td><\/tr><tr><td width=\"179\"><p>sbjs_session<\/p><\/td><td width=\"331\"><p>Sourcebuster, bu \u00e7erezi bir ziyaretin kayna\u011f\u0131n\u0131 tan\u0131mlamak i\u00e7in ayarlar ve kullan\u0131c\u0131 eylem bilgilerini \u00e7erezlerde saklar. Bu analitik ve davran\u0131\u015fsal \u00e7erez, web sitesindeki ziyaret\u00e7i deneyimini geli\u015ftirmek i\u00e7in kullan\u0131l\u0131r.<\/p><\/td><td width=\"113\"><p>1 saat<\/p><\/td><\/tr><tr><td width=\"179\"><p>ga*<\/p><p>\u00a0<\/p><\/td><td width=\"331\"><p>Google Analytics bu \u00e7erezi sayfa g\u00f6r\u00fcnt\u00fclemelerini depolamak ve saymak i\u00e7in ayarlar.<\/p><\/td><td width=\"113\"><p>1 y\u0131l 1 ay 4 g\u00fcn<\/p><\/td><\/tr><tr><td width=\"179\"><p>_ga<\/p><\/td><td width=\"331\"><p>Google Analytics, bu \u00e7erezi ziyaret\u00e7i, oturum ve kampanya verilerini hesaplamak ve sitenin analiz raporu i\u00e7in site kullan\u0131m\u0131n\u0131 izlemek \u00fczere ayarlar. \u00c7erez, bilgileri anonim olarak saklar ve benzersiz ziyaret\u00e7ileri tan\u0131mak i\u00e7in rastgele olu\u015fturulmu\u015f bir numara atar.<\/p><\/td><td width=\"113\"><p>1 y\u0131l 1 ay 4 g\u00fcn<\/p><\/td><\/tr><\/tbody><\/table><p>\u00a0<\/p><p><br \/><br \/><\/p>\t\t\t\t\t\t<\/div>\n\t\t\t\t<\/div>\n\t\t\t\t\t<\/div>\n\t\t\t\t<\/div>\n\t\t\t\t<\/div>","protected":false},"excerpt":{"rendered":"<p>Ki\u015fisel Verilerin Korunma Kanunu \u00a0 \u0130leti\u015fim S\u00fcreci Ayd\u0131nlatma Metni \u00a0 6698 say\u0131l\u0131 Ki\u015fisel Verilerin Korunmas\u0131 Kanunu (\u201cKanun\u201d) uyar\u0131nca, ki\u015fisel verileriniz; veri sorumlusu olarak ARSON Ka\u011f\u0131t D\u0131\u015f Ticaret Limited \u015eirketi (\u201c\u015eirket\u201d) taraf\u0131ndan a\u015fa\u011f\u0131da a\u00e7\u0131klanan kapsamda i\u015flenecektir. Bu metin, internet sitemizde yer alan ileti\u015fim formu arac\u0131l\u0131\u011f\u0131yla i\u015flenen ki\u015fisel verileriniz hakk\u0131nda bilgiler i\u00e7ermektedir. \u00a0 \u00a0 Ki\u015fisel Verilerin \u0130\u015flenme&#8230;<\/p>","protected":false},"author":1,"featured_media":0,"parent":0,"menu_order":0,"comment_status":"closed","ping_status":"closed","template":"","meta":{"footnotes":""},"class_list":["post-988384","page","type-page","status-publish","hentry"],"_links":{"self":[{"href":"https:\/\/arsonkagit.com\/en\/wp-json\/wp\/v2\/pages\/988384","targetHints":{"allow":["GET"]}}],"collection":[{"href":"https:\/\/arsonkagit.com\/en\/wp-json\/wp\/v2\/pages"}],"about":[{"href":"https:\/\/arsonkagit.com\/en\/wp-json\/wp\/v2\/types\/page"}],"author":[{"embeddable":true,"href":"https:\/\/arsonkagit.com\/en\/wp-json\/wp\/v2\/users\/1"}],"replies":[{"embeddable":true,"href":"https:\/\/arsonkagit.com\/en\/wp-json\/wp\/v2\/comments?post=988384"}],"version-history":[{"count":4,"href":"https:\/\/arsonkagit.com\/en\/wp-json\/wp\/v2\/pages\/988384\/revisions"}],"predecessor-version":[{"id":988388,"href":"https:\/\/arsonkagit.com\/en\/wp-json\/wp\/v2\/pages\/988384\/revisions\/988388"}],"wp:attachment":[{"href":"https:\/\/arsonkagit.com\/en\/wp-json\/wp\/v2\/media?parent=988384"}],"curies":[{"name":"wp","href":"https:\/\/api.w.org\/{rel}","templated":true}]}}