{"id":988068,"date":"2024-05-22T07:25:41","date_gmt":"2024-05-22T07:25:41","guid":{"rendered":"https:\/\/alaskamedya.net\/demo\/kagit\/?page_id=988068"},"modified":"2024-05-22T11:57:49","modified_gmt":"2024-05-22T11:57:49","slug":"kagit-havlu","status":"publish","type":"page","link":"https:\/\/arsonkagit.com\/en\/kagit-havlu\/","title":{"rendered":"Paper Towel"},"content":{"rendered":"<div data-elementor-type=\"wp-page\" data-elementor-id=\"988068\" class=\"elementor elementor-988068\" data-elementor-post-type=\"page\">\n\t\t\t\t<div class=\"elementor-element elementor-element-b79daaf e-flex e-con-boxed e-con e-parent\" data-id=\"b79daaf\" data-element_type=\"container\" data-settings=\"{&quot;background_background&quot;:&quot;classic&quot;,&quot;shape_divider_bottom&quot;:&quot;arrow&quot;,&quot;shape_divider_bottom_negative&quot;:&quot;yes&quot;}\" data-core-v316-plus=\"true\">\n\t\t\t\t\t<div class=\"e-con-inner\">\n\t\t\t\t<div class=\"elementor-shape elementor-shape-bottom\" data-negative=\"true\">\n\t\t\t<svg xmlns=\"http:\/\/www.w3.org\/2000\/svg\" viewbox=\"0 0 700 10\" preserveaspectratio=\"none\">\n\t<path class=\"elementor-shape-fill\" d=\"M360 0L350 9.9 340 0 0 0 0 10 700 10 700 0\"\/>\n<\/svg>\t\t<\/div>\n\t\t<div class=\"elementor-element elementor-element-cd7090e e-con-full e-flex e-con e-child\" data-id=\"cd7090e\" data-element_type=\"container\">\n\t\t\t\t<div class=\"elementor-element elementor-element-26f110d elementor-widget elementor-widget-heading\" data-id=\"26f110d\" data-element_type=\"widget\" data-widget_type=\"heading.default\">\n\t\t\t\t<div class=\"elementor-widget-container\">\n\t\t\t<style>\/*! elementor - v3.20.0 - 26-03-2024 *\/\n.elementor-heading-title{padding:0;margin:0;line-height:1}.elementor-widget-heading .elementor-heading-title[class*=elementor-size-]>a{color:inherit;font-size:inherit;line-height:inherit}.elementor-widget-heading .elementor-heading-title.elementor-size-small{font-size:15px}.elementor-widget-heading .elementor-heading-title.elementor-size-medium{font-size:19px}.elementor-widget-heading .elementor-heading-title.elementor-size-large{font-size:29px}.elementor-widget-heading .elementor-heading-title.elementor-size-xl{font-size:39px}.elementor-widget-heading .elementor-heading-title.elementor-size-xxl{font-size:59px}<\/style><h6 class=\"elementor-heading-title elementor-size-default\"><a href=\"https:\/\/arsonkagit.com\/en\">Homepage &gt;<\/a><\/h6>\t\t<\/div>\n\t\t\t\t<\/div>\n\t\t\t\t<div class=\"elementor-element elementor-element-25fbacf elementor-widget elementor-widget-heading\" data-id=\"25fbacf\" data-element_type=\"widget\" data-widget_type=\"heading.default\">\n\t\t\t\t<div class=\"elementor-widget-container\">\n\t\t\t<h2 class=\"elementor-heading-title elementor-size-default\"><a href=\"https:\/\/arsonkagit.com\/en\/kagit-havlu\/\">Paper Towel<\/a><\/h2>\t\t<\/div>\n\t\t\t\t<\/div>\n\t\t\t\t<\/div>\n\t\t\t\t\t<\/div>\n\t\t\t\t<\/div>\n\t\t<div class=\"elementor-element elementor-element-9ba528f e-flex e-con-boxed e-con e-parent\" data-id=\"9ba528f\" data-element_type=\"container\" data-core-v316-plus=\"true\">\n\t\t\t\t\t<div class=\"e-con-inner\">\n\t\t\t\t<div class=\"elementor-element elementor-element-2241294 elementor-grid-4 elementor-grid-tablet-3 elementor-grid-mobile-2 elementor-products-grid elementor-wc-products elementor-widget elementor-widget-woocommerce-products\" data-id=\"2241294\" data-element_type=\"widget\" data-widget_type=\"woocommerce-products.default\">\n\t\t\t\t<div class=\"elementor-widget-container\">\n\t\t\t<link rel=\"stylesheet\" href=\"https:\/\/arsonkagit.com\/wp-content\/plugins\/elementor-pro\/assets\/css\/widget-woocommerce.min.css\"><div class=\"woocommerce columns-4\"><ul class=\"products elementor-grid vamtam-wc columns-4\">\n<li class=\"product type-product post-988157 status-publish first instock product_cat-kagit-havlu has-post-thumbnail shipping-taxable product-type-simple\">\n\t<a href=\"https:\/\/arsonkagit.com\/en\/product\/deniss-sensorlu-dispenser-havlu\/\" class=\"woocommerce-LoopProduct-link woocommerce-loop-product__link\"><img fetchpriority=\"high\" decoding=\"async\" width=\"426\" height=\"533\" src=\"https:\/\/arsonkagit.com\/wp-content\/uploads\/2024\/05\/40401025--426x533.png\" class=\"attachment-woocommerce_thumbnail size-woocommerce_thumbnail\" alt=\"\" \/><h2 class=\"woocommerce-loop-product__title\">60651025 WAVE SENS\u00d6RL\u00dc D\u0130SPENSER HAVLU<\/h2>\n<\/a><\/li>\n<li class=\"product type-product post-988170 status-publish instock product_cat-kagit-havlu has-post-thumbnail shipping-taxable product-type-simple\">\n\t<a href=\"https:\/\/arsonkagit.com\/en\/product\/deniss-standart-sensorlu-dispenser-havlu\/\" class=\"woocommerce-LoopProduct-link woocommerce-loop-product__link\"><img decoding=\"async\" width=\"426\" height=\"533\" src=\"https:\/\/arsonkagit.com\/wp-content\/uploads\/2024\/05\/40401030--426x533.png\" class=\"attachment-woocommerce_thumbnail size-woocommerce_thumbnail\" alt=\"\" \/><h2 class=\"woocommerce-loop-product__title\">60651030 WAVE COMFORT SENS\u00d6RL\u00dc D\u0130SPENSER HAVLU<\/h2>\n<\/a><\/li>\n<li class=\"product type-product post-988171 status-publish instock product_cat-kagit-havlu has-post-thumbnail shipping-taxable product-type-simple\">\n\t<a href=\"https:\/\/arsonkagit.com\/en\/product\/deniss-extra-sensorlu-dispenser-havlu\/\" class=\"woocommerce-LoopProduct-link woocommerce-loop-product__link\"><img decoding=\"async\" width=\"426\" height=\"533\" src=\"https:\/\/arsonkagit.com\/wp-content\/uploads\/2024\/05\/40401040--426x533.png\" class=\"attachment-woocommerce_thumbnail size-woocommerce_thumbnail\" alt=\"\" \/><h2 class=\"woocommerce-loop-product__title\">60651040 WAVE EXTRA SENS\u00d6RL\u00dc D\u0130SPENSER HAVLU<\/h2>\n<\/a><\/li>\n<li class=\"product type-product post-988172 status-publish last instock product_cat-kagit-havlu has-post-thumbnail shipping-taxable product-type-simple\">\n\t<a href=\"https:\/\/arsonkagit.com\/en\/product\/deniss-comfort-sensorlu-dispenser-havlu\/\" class=\"woocommerce-LoopProduct-link woocommerce-loop-product__link\"><img loading=\"lazy\" decoding=\"async\" width=\"426\" height=\"533\" src=\"https:\/\/arsonkagit.com\/wp-content\/uploads\/2024\/05\/40401050--426x533.png\" class=\"attachment-woocommerce_thumbnail size-woocommerce_thumbnail\" alt=\"\" \/><h2 class=\"woocommerce-loop-product__title\">60651050 WAVE ULTRA SENS\u00d6RL\u00dc D\u0130SPENSER HAVLU<\/h2>\n<\/a><\/li>\n<li class=\"product type-product post-988173 status-publish first instock product_cat-kagit-havlu has-post-thumbnail shipping-taxable product-type-simple\">\n\t<a href=\"https:\/\/arsonkagit.com\/en\/product\/deniss-ultra-sensorlu-dispenser-havlu\/\" class=\"woocommerce-LoopProduct-link woocommerce-loop-product__link\"><img loading=\"lazy\" decoding=\"async\" width=\"426\" height=\"533\" src=\"https:\/\/arsonkagit.com\/wp-content\/uploads\/2024\/05\/40401060--426x533.png\" class=\"attachment-woocommerce_thumbnail size-woocommerce_thumbnail\" alt=\"\" \/><h2 class=\"woocommerce-loop-product__title\">60651060 WAVE ULTRA SENS\u00d6RL\u00dc D\u0130SPENSER HAVLU<\/h2>\n<\/a><\/li>\n<li class=\"product type-product post-988177 status-publish instock product_cat-kagit-havlu has-post-thumbnail shipping-taxable product-type-simple\">\n\t<a href=\"https:\/\/arsonkagit.com\/en\/product\/deniss-icten-cekmeli-havlu\/\" class=\"woocommerce-LoopProduct-link woocommerce-loop-product__link\"><img loading=\"lazy\" decoding=\"async\" width=\"426\" height=\"533\" src=\"https:\/\/arsonkagit.com\/wp-content\/uploads\/2024\/05\/40402025--426x533.png\" class=\"attachment-woocommerce_thumbnail size-woocommerce_thumbnail\" alt=\"\" \/><h2 class=\"woocommerce-loop-product__title\">60652025 WAVE EKO \u0130\u00c7TEN \u00c7EKMEL\u0130 HAVLU<\/h2>\n<\/a><\/li>\n<li class=\"product type-product post-988180 status-publish instock product_cat-kagit-havlu has-post-thumbnail shipping-taxable product-type-simple\">\n\t<a href=\"https:\/\/arsonkagit.com\/en\/product\/deniss-standart-icten-cekmeli-havlu\/\" class=\"woocommerce-LoopProduct-link woocommerce-loop-product__link\"><img loading=\"lazy\" decoding=\"async\" width=\"426\" height=\"533\" src=\"https:\/\/arsonkagit.com\/wp-content\/uploads\/2024\/05\/40402030--426x533.png\" class=\"attachment-woocommerce_thumbnail size-woocommerce_thumbnail\" alt=\"\" \/><h2 class=\"woocommerce-loop-product__title\">60652030 WAVE COMFORT \u0130\u00c7TEN \u00c7EKMEL\u0130 HAVLU<\/h2>\n<\/a><\/li>\n<li class=\"product type-product post-988181 status-publish last instock product_cat-kagit-havlu has-post-thumbnail shipping-taxable product-type-simple\">\n\t<a href=\"https:\/\/arsonkagit.com\/en\/product\/deniss-extra-icten-cekmeli-havlu\/\" class=\"woocommerce-LoopProduct-link woocommerce-loop-product__link\"><img loading=\"lazy\" decoding=\"async\" width=\"426\" height=\"533\" src=\"https:\/\/arsonkagit.com\/wp-content\/uploads\/2024\/05\/40402040-4-426x533.png\" class=\"attachment-woocommerce_thumbnail size-woocommerce_thumbnail\" alt=\"\" \/><h2 class=\"woocommerce-loop-product__title\">60652040 WAVE EXTRA \u0130\u00c7TEN \u00c7EKMEL\u0130 HAVLU<\/h2>\n<\/a><\/li>\n<li class=\"product type-product post-988178 status-publish first instock product_cat-kagit-havlu has-post-thumbnail shipping-taxable product-type-simple\">\n\t<a href=\"https:\/\/arsonkagit.com\/en\/product\/deniss-mega-dev-havlu\/\" class=\"woocommerce-LoopProduct-link woocommerce-loop-product__link\"><img loading=\"lazy\" decoding=\"async\" width=\"426\" height=\"533\" src=\"https:\/\/arsonkagit.com\/wp-content\/uploads\/2024\/05\/90054014_MegaDevHavlu-1-426x533.png\" class=\"attachment-woocommerce_thumbnail size-woocommerce_thumbnail\" alt=\"\" \/><h2 class=\"woocommerce-loop-product__title\">60654014 WAVE MEGA DEV HAVLU<\/h2>\n<\/a><\/li>\n<li class=\"product type-product post-988658 status-publish instock product_cat-kagit-havlu has-post-thumbnail shipping-taxable product-type-simple\">\n\t<a href=\"https:\/\/arsonkagit.com\/en\/product\/60652060-wave-ultra-icten-cekmeli-havlu\/\" class=\"woocommerce-LoopProduct-link woocommerce-loop-product__link\"><img loading=\"lazy\" decoding=\"async\" width=\"426\" height=\"533\" src=\"https:\/\/arsonkagit.com\/wp-content\/uploads\/2026\/04\/40402060-426x533.png\" class=\"attachment-woocommerce_thumbnail size-woocommerce_thumbnail\" alt=\"\" \/><h2 class=\"woocommerce-loop-product__title\">60652060 WAVE ULTRA \u0130\u00c7TEN \u00c7EKMEL\u0130 HAVLU<\/h2>\n<\/a><\/li>\n<li class=\"product type-product post-988661 status-publish instock product_cat-kagit-havlu has-post-thumbnail shipping-taxable product-type-simple\">\n\t<a href=\"https:\/\/arsonkagit.com\/en\/product\/60652050-wave-ultra-icten-cekmeli-havlu\/\" class=\"woocommerce-LoopProduct-link woocommerce-loop-product__link\"><img loading=\"lazy\" decoding=\"async\" width=\"426\" height=\"533\" src=\"https:\/\/arsonkagit.com\/wp-content\/uploads\/2026\/04\/40402050-426x533.png\" class=\"attachment-woocommerce_thumbnail size-woocommerce_thumbnail\" alt=\"\" \/><h2 class=\"woocommerce-loop-product__title\">60652050 WAVE ULTRA \u0130\u00c7TEN \u00c7EKMEL\u0130 HAVLU<\/h2>\n<\/a><\/li>\n<\/ul>\n<\/div>\t\t<\/div>\n\t\t\t\t<\/div>\n\t\t\t\t\t<\/div>\n\t\t\t\t<\/div>\n\t\t\t\t<\/div>","protected":false},"excerpt":{"rendered":"<p>Homepage &gt;<\/p>","protected":false},"author":1,"featured_media":0,"parent":0,"menu_order":0,"comment_status":"closed","ping_status":"closed","template":"","meta":{"footnotes":""},"class_list":["post-988068","page","type-page","status-publish","hentry"],"_links":{"self":[{"href":"https:\/\/arsonkagit.com\/en\/wp-json\/wp\/v2\/pages\/988068","targetHints":{"allow":["GET"]}}],"collection":[{"href":"https:\/\/arsonkagit.com\/en\/wp-json\/wp\/v2\/pages"}],"about":[{"href":"https:\/\/arsonkagit.com\/en\/wp-json\/wp\/v2\/types\/page"}],"author":[{"embeddable":true,"href":"https:\/\/arsonkagit.com\/en\/wp-json\/wp\/v2\/users\/1"}],"replies":[{"embeddable":true,"href":"https:\/\/arsonkagit.com\/en\/wp-json\/wp\/v2\/comments?post=988068"}],"version-history":[{"count":34,"href":"https:\/\/arsonkagit.com\/en\/wp-json\/wp\/v2\/pages\/988068\/revisions"}],"predecessor-version":[{"id":988297,"href":"https:\/\/arsonkagit.com\/en\/wp-json\/wp\/v2\/pages\/988068\/revisions\/988297"}],"wp:attachment":[{"href":"https:\/\/arsonkagit.com\/en\/wp-json\/wp\/v2\/media?parent=988068"}],"curies":[{"name":"wp","href":"https:\/\/api.w.org\/{rel}","templated":true}]}}