{"id":987738,"date":"2024-04-02T16:44:03","date_gmt":"2024-04-02T16:44:03","guid":{"rendered":"https:\/\/alaskamedya.net\/demo\/ars10\/?page_id=987738"},"modified":"2024-07-23T12:24:53","modified_gmt":"2024-07-23T12:24:53","slug":"hakkimizda","status":"publish","type":"page","link":"https:\/\/arsonkagit.com\/en\/hakkimizda\/","title":{"rendered":"About Us"},"content":{"rendered":"<div data-elementor-type=\"wp-page\" data-elementor-id=\"987738\" class=\"elementor elementor-987738\" data-elementor-post-type=\"page\">\n\t\t\t\t<div class=\"elementor-element elementor-element-641a133 e-flex e-con-boxed e-con e-parent\" data-id=\"641a133\" data-element_type=\"container\" data-settings=\"{&quot;background_background&quot;:&quot;classic&quot;,&quot;shape_divider_bottom&quot;:&quot;arrow&quot;,&quot;shape_divider_bottom_negative&quot;:&quot;yes&quot;}\" data-core-v316-plus=\"true\">\n\t\t\t\t\t<div class=\"e-con-inner\">\n\t\t\t\t<div class=\"elementor-shape elementor-shape-bottom\" data-negative=\"true\">\n\t\t\t<svg xmlns=\"http:\/\/www.w3.org\/2000\/svg\" viewbox=\"0 0 700 10\" preserveaspectratio=\"none\">\n\t<path class=\"elementor-shape-fill\" d=\"M360 0L350 9.9 340 0 0 0 0 10 700 10 700 0\"\/>\n<\/svg>\t\t<\/div>\n\t\t\t\t<div class=\"elementor-element elementor-element-f674f1c elementor-widget elementor-widget-heading\" data-id=\"f674f1c\" data-element_type=\"widget\" data-widget_type=\"heading.default\">\n\t\t\t\t<div class=\"elementor-widget-container\">\n\t\t\t<style>\/*! elementor - v3.20.0 - 26-03-2024 *\/\n.elementor-heading-title{padding:0;margin:0;line-height:1}.elementor-widget-heading .elementor-heading-title[class*=elementor-size-]>a{color:inherit;font-size:inherit;line-height:inherit}.elementor-widget-heading .elementor-heading-title.elementor-size-small{font-size:15px}.elementor-widget-heading .elementor-heading-title.elementor-size-medium{font-size:19px}.elementor-widget-heading .elementor-heading-title.elementor-size-large{font-size:29px}.elementor-widget-heading .elementor-heading-title.elementor-size-xl{font-size:39px}.elementor-widget-heading .elementor-heading-title.elementor-size-xxl{font-size:59px}<\/style><h2 class=\"elementor-heading-title elementor-size-default\">Who We Are?<\/h2>\t\t<\/div>\n\t\t\t\t<\/div>\n\t\t\t\t\t<\/div>\n\t\t\t\t<\/div>\n\t\t<div class=\"elementor-element elementor-element-d5a35bc e-flex e-con-boxed e-con e-parent\" data-id=\"d5a35bc\" data-element_type=\"container\" data-core-v316-plus=\"true\">\n\t\t\t\t\t<div class=\"e-con-inner\">\n\t\t\t\t<div class=\"elementor-element elementor-element-2fbb3e1 elementor-widget elementor-widget-text-editor\" data-id=\"2fbb3e1\" data-element_type=\"widget\" data-widget_type=\"text-editor.default\">\n\t\t\t\t<div class=\"elementor-widget-container\">\n\t\t\t<style>\/*! elementor - v3.20.0 - 26-03-2024 *\/\n.elementor-widget-text-editor.elementor-drop-cap-view-stacked .elementor-drop-cap{background-color:#69727d;color:#fff}.elementor-widget-text-editor.elementor-drop-cap-view-framed .elementor-drop-cap{color:#69727d;border:3px solid;background-color:transparent}.elementor-widget-text-editor:not(.elementor-drop-cap-view-default) .elementor-drop-cap{margin-top:8px}.elementor-widget-text-editor:not(.elementor-drop-cap-view-default) .elementor-drop-cap-letter{width:1em;height:1em}.elementor-widget-text-editor .elementor-drop-cap{float:left;text-align:center;line-height:1;font-size:50px}.elementor-widget-text-editor .elementor-drop-cap-letter{display:inline-block}<\/style>\t\t\t\tAs ARS 10 Paper, with our rising position in the FMCG sector, we represent quality and reliability in the areas of retail paper products, professional away-from-home products, and jumbo rolls (mother reels). Exporting to 35 different countries and demonstrating a strong presence on the international stage, we maintain high production standards in our modern facility in Tekirda\u011f \u00c7orlu, with 5000 m\u00b2 of indoor space and 2500 m\u00b2 of outdoor space.\t\t\t\t\t\t<\/div>\n\t\t\t\t<\/div>\n\t\t\t\t<div class=\"elementor-element elementor-element-2ac6b7a elementor-widget elementor-widget-text-editor\" data-id=\"2ac6b7a\" data-element_type=\"widget\" data-widget_type=\"text-editor.default\">\n\t\t\t\t<div class=\"elementor-widget-container\">\n\t\t\t\t\t\t\t<p><span style=\"color: #171f48;\"><strong>Our Product Range;<\/strong><\/span><\/p>\t\t\t\t\t\t<\/div>\n\t\t\t\t<\/div>\n\t\t\t\t<div class=\"elementor-element elementor-element-d588efa elementor-widget elementor-widget-text-editor\" data-id=\"d588efa\" data-element_type=\"widget\" data-widget_type=\"text-editor.default\">\n\t\t\t\t<div class=\"elementor-widget-container\">\n\t\t\t\t\t\t\t<p>As ARS10 Paper, we provide high-quality solutions to our customers with our brands Belleza, Deniss, and Wave in our product range. We offer a wide variety of household products such as toilet paper, paper towels, and napkins, as well as products specifically designed for industrial use.<\/p>\t\t\t\t\t\t<\/div>\n\t\t\t\t<\/div>\n\t\t\t\t<div class=\"elementor-element elementor-element-60f8553 elementor-widget elementor-widget-text-editor\" data-id=\"60f8553\" data-element_type=\"widget\" data-widget_type=\"text-editor.default\">\n\t\t\t\t<div class=\"elementor-widget-container\">\n\t\t\t\t\t\t\t<p><span style=\"color: #171f48;\"><strong>Excellence in Production;<\/strong><\/span><\/p>\t\t\t\t\t\t<\/div>\n\t\t\t\t<\/div>\n\t\t\t\t<div class=\"elementor-element elementor-element-2142f32 elementor-widget elementor-widget-text-editor\" data-id=\"2142f32\" data-element_type=\"widget\" data-widget_type=\"text-editor.default\">\n\t\t\t\t<div class=\"elementor-widget-container\">\n\t\t\t\t\t\t\t<p>Our 2500 m\u00b2 modern facility in Tekirda\u011f \u00c7orlu is equipped with the latest technology in the industry, forming the foundation of our quality-focused production. Our production infrastructure, combined with a robust quality control process, supports ARS10 Paper's excellence in the sector.<\/p>\t\t\t\t\t\t<\/div>\n\t\t\t\t<\/div>\n\t\t\t\t<div class=\"elementor-element elementor-element-8ca1c99 elementor-widget elementor-widget-text-editor\" data-id=\"8ca1c99\" data-element_type=\"widget\" data-widget_type=\"text-editor.default\">\n\t\t\t\t<div class=\"elementor-widget-container\">\n\t\t\t\t\t\t\t<p><span style=\"color: #171f48;\"><strong>Our International Impact;<\/strong><\/span><\/p>\t\t\t\t\t\t<\/div>\n\t\t\t\t<\/div>\n\t\t\t\t<div class=\"elementor-element elementor-element-3af9d12 elementor-widget elementor-widget-text-editor\" data-id=\"3af9d12\" data-element_type=\"widget\" data-widget_type=\"text-editor.default\">\n\t\t\t\t<div class=\"elementor-widget-container\">\n\t\t\t\t\t\t\t<p>With our robust international logistics network, ARS10 Paper delivers the highest quality products to customers worldwide. We export to 35 countries, establishing a presence in the global market and striving to exceed our customers' expectations.<\/p>\t\t\t\t\t\t<\/div>\n\t\t\t\t<\/div>\n\t\t\t\t<div class=\"elementor-element elementor-element-b7146e0 elementor-widget elementor-widget-text-editor\" data-id=\"b7146e0\" data-element_type=\"widget\" data-widget_type=\"text-editor.default\">\n\t\t\t\t<div class=\"elementor-widget-container\">\n\t\t\t\t\t\t\t<p><span style=\"color: #171f48;\"><strong>Quality and Sustainability;<\/strong><\/span><\/p>\t\t\t\t\t\t<\/div>\n\t\t\t\t<\/div>\n\t\t\t\t<div class=\"elementor-element elementor-element-09e8d90 elementor-widget elementor-widget-text-editor\" data-id=\"09e8d90\" data-element_type=\"widget\" data-widget_type=\"text-editor.default\">\n\t\t\t\t<div class=\"elementor-widget-container\">\n\t\t\t\t\t\t\t<p>Embracing principles of quality and sustainability, we set industry standards with environmentally conscious production processes. The quality of our products, combined with our customer-centric approach, aims to meet and exceed the highest expectations in the industry.<\/p>\t\t\t\t\t\t<\/div>\n\t\t\t\t<\/div>\n\t\t\t\t\t<\/div>\n\t\t\t\t<\/div>\n\t\t<div class=\"elementor-element elementor-element-74d0245 e-flex e-con-boxed e-con e-parent\" data-id=\"74d0245\" data-element_type=\"container\" data-core-v316-plus=\"true\">\n\t\t\t\t\t<div class=\"e-con-inner\">\n\t\t<div class=\"elementor-element elementor-element-3bd4959 e-con-full e-flex e-con e-child\" data-id=\"3bd4959\" data-element_type=\"container\">\n\t\t\t\t<div class=\"elementor-element elementor-element-584c7b3 elementor-widget elementor-widget-heading\" data-id=\"584c7b3\" data-element_type=\"widget\" data-widget_type=\"heading.default\">\n\t\t\t\t<div class=\"elementor-widget-container\">\n\t\t\t<h2 class=\"elementor-heading-title elementor-size-default\">CERTIFICATES<\/h2>\t\t<\/div>\n\t\t\t\t<\/div>\n\t\t\t\t<\/div>\n\t\t<div class=\"elementor-element elementor-element-9cb095a e-con-full e-flex e-con e-child\" data-id=\"9cb095a\" data-element_type=\"container\">\n\t\t\t\t<div class=\"elementor-element elementor-element-b6326b1 elementor-widget elementor-widget-image\" data-id=\"b6326b1\" data-element_type=\"widget\" data-widget_type=\"image.default\">\n\t\t\t\t<div class=\"elementor-widget-container\">\n\t\t\t<style>\/*! elementor - v3.20.0 - 26-03-2024 *\/\n.elementor-widget-image{text-align:center}.elementor-widget-image a{display:inline-block}.elementor-widget-image a img[src$=\".svg\"]{width:48px}.elementor-widget-image img{vertical-align:middle;display:inline-block}<\/style>\t\t\t\t\t\t\t\t\t\t<img fetchpriority=\"high\" decoding=\"async\" width=\"768\" height=\"177\" src=\"https:\/\/arsonkagit.com\/wp-content\/uploads\/2024\/05\/belgeler-1536x354-1-768x177.jpg\" class=\"attachment-medium_large size-medium_large wp-image-988058\" alt=\"\" srcset=\"https:\/\/arsonkagit.com\/wp-content\/uploads\/2024\/05\/belgeler-1536x354-1-768x177.jpg 768w, https:\/\/arsonkagit.com\/wp-content\/uploads\/2024\/05\/belgeler-1536x354-1-640x148.jpg 640w, https:\/\/arsonkagit.com\/wp-content\/uploads\/2024\/05\/belgeler-1536x354-1-300x69.jpg 300w, https:\/\/arsonkagit.com\/wp-content\/uploads\/2024\/05\/belgeler-1536x354-1-1024x236.jpg 1024w, https:\/\/arsonkagit.com\/wp-content\/uploads\/2024\/05\/belgeler-1536x354-1.jpg 1536w\" sizes=\"(max-width: 768px) 100vw, 768px\" \/>\t\t\t\t\t\t\t\t\t\t\t\t\t<\/div>\n\t\t\t\t<\/div>\n\t\t\t\t<\/div>\n\t\t\t\t\t<\/div>\n\t\t\t\t<\/div>\n\t\t\t\t<\/div>","protected":false},"excerpt":{"rendered":"<p>Biz Kimiz ? Arson Ka\u011f\u0131t olarak, FMCG sekt\u00f6r\u00fcndeki y\u00fckselen konumumuzla ev tipi ka\u011f\u0131t \u00fcr\u00fcnleri, ev d\u0131\u015f\u0131 profesyonel t\u00fcketim \u00fcr\u00fcnleri ve yar\u0131 mam\u00fcl (Jumbo Rolls) alanlar\u0131nda kalite ve g\u00fcvenin temsilcisiyiz. 35 farkl\u0131 \u00fclkeye ihracat yaparak uluslararas\u0131 arenada g\u00fc\u00e7l\u00fc bir varl\u0131k g\u00f6sterirken, Tekirda\u011f \u00c7orlu&#8217;daki 5000 m\u00b2&#8217;lik kapal\u0131\u00a02500 m\u00b2\u2019lik a\u00e7\u0131k modern tesisimizde y\u00fcksek standartlarda \u00fcretim yapmaktay\u0131z. \u00dcr\u00fcn Yelpazemiz;&#8230;<\/p>","protected":false},"author":1,"featured_media":0,"parent":0,"menu_order":0,"comment_status":"closed","ping_status":"closed","template":"","meta":{"footnotes":""},"class_list":["post-987738","page","type-page","status-publish","hentry"],"_links":{"self":[{"href":"https:\/\/arsonkagit.com\/en\/wp-json\/wp\/v2\/pages\/987738","targetHints":{"allow":["GET"]}}],"collection":[{"href":"https:\/\/arsonkagit.com\/en\/wp-json\/wp\/v2\/pages"}],"about":[{"href":"https:\/\/arsonkagit.com\/en\/wp-json\/wp\/v2\/types\/page"}],"author":[{"embeddable":true,"href":"https:\/\/arsonkagit.com\/en\/wp-json\/wp\/v2\/users\/1"}],"replies":[{"embeddable":true,"href":"https:\/\/arsonkagit.com\/en\/wp-json\/wp\/v2\/comments?post=987738"}],"version-history":[{"count":32,"href":"https:\/\/arsonkagit.com\/en\/wp-json\/wp\/v2\/pages\/987738\/revisions"}],"predecessor-version":[{"id":988509,"href":"https:\/\/arsonkagit.com\/en\/wp-json\/wp\/v2\/pages\/987738\/revisions\/988509"}],"wp:attachment":[{"href":"https:\/\/arsonkagit.com\/en\/wp-json\/wp\/v2\/media?parent=987738"}],"curies":[{"name":"wp","href":"https:\/\/api.w.org\/{rel}","templated":true}]}}